{"id":1745,"date":"2020-06-18T23:05:54","date_gmt":"2020-06-18T23:05:54","guid":{"rendered":"http:\/\/w32.mx\/sitio\/inicio\/?page_id=1745"},"modified":"2026-02-13T11:53:21","modified_gmt":"2026-02-13T17:53:21","slug":"crm","status":"publish","type":"page","link":"https:\/\/w32.mx\/sitio\/crm","title":{"rendered":"CRM"},"content":{"rendered":"\t\t<div data-elementor-type=\"wp-page\" data-elementor-id=\"1745\" class=\"elementor elementor-1745\" data-elementor-settings=\"[]\">\n\t\t\t\t\t\t<div class=\"elementor-inner\">\n\t\t\t\t\t\t\t<div class=\"elementor-section-wrap\">\n\t\t\t\t\t\t\t<section class=\"elementor-section elementor-inner-section elementor-element elementor-element-a2afa84 elementor-section-boxed elementor-section-height-default elementor-section-height-default\" data-id=\"a2afa84\" data-element_type=\"section\">\n\t\t\t\t\t\t<div class=\"elementor-container elementor-column-gap-default\">\n\t\t\t\t\t\t\t<div class=\"elementor-row\">\n\t\t\t\t\t<div class=\"elementor-column elementor-col-100 elementor-inner-column elementor-element elementor-element-761ac652\" data-id=\"761ac652\" data-element_type=\"column\">\n\t\t\t<div class=\"elementor-column-wrap elementor-element-populated\">\n\t\t\t\t\t\t\t<div class=\"elementor-widget-wrap\">\n\t\t\t\t\t\t<div class=\"elementor-element elementor-element-555616db elementor-widget elementor-widget-heading\" data-id=\"555616db\" data-element_type=\"widget\" data-widget_type=\"heading.default\">\n\t\t\t\t<div class=\"elementor-widget-container\">\n\t\t\t<h4 class=\"elementor-heading-title elementor-size-default\">El CRM de _MultiMarcaW32 te ayuda a impulsar el crecimiento de tu \n\u00c1rea Comercial\u200b\u200b<\/h4>\t\t<\/div>\n\t\t\t\t<\/div>\n\t\t\t\t<div class=\"elementor-element elementor-element-7b91e568 elementor-widget elementor-widget-radiant-separator\" data-id=\"7b91e568\" data-element_type=\"widget\" data-widget_type=\"radiant-separator.default\">\n\t\t\t\t<div class=\"elementor-widget-container\">\n\t\t\t<div class=\"radiantthemes-separator element-one text-center\"><div class=\"radiantthemes-separator-block\" style=\"width: 60px; height: 4px;\"><div class=\"radiantthemes-separator-block-gap\"><\/div><\/div><\/div>\t\t<\/div>\n\t\t\t\t<\/div>\n\t\t\t\t\t\t<\/div>\n\t\t\t\t\t<\/div>\n\t\t<\/div>\n\t\t\t\t\t\t\t\t<\/div>\n\t\t\t\t\t<\/div>\n\t\t<\/section>\n\t\t\t\t<section class=\"elementor-section elementor-top-section elementor-element elementor-element-a588f32 elementor-section-boxed elementor-section-height-default elementor-section-height-default\" data-id=\"a588f32\" data-element_type=\"section\">\n\t\t\t\t\t\t<div class=\"elementor-container elementor-column-gap-default\">\n\t\t\t\t\t\t\t<div class=\"elementor-row\">\n\t\t\t\t\t<div class=\"elementor-column elementor-col-100 elementor-top-column elementor-element elementor-element-0a24476\" data-id=\"0a24476\" data-element_type=\"column\">\n\t\t\t<div class=\"elementor-column-wrap\">\n\t\t\t\t\t\t\t<div class=\"elementor-widget-wrap\">\n\t\t\t\t\t\t\t\t<\/div>\n\t\t\t\t\t<\/div>\n\t\t<\/div>\n\t\t\t\t\t\t\t\t<\/div>\n\t\t\t\t\t<\/div>\n\t\t<\/section>\n\t\t\t\t<section class=\"elementor-section elementor-inner-section elementor-element elementor-element-16e4578b elementor-section-boxed elementor-section-height-default elementor-section-height-default\" data-id=\"16e4578b\" data-element_type=\"section\">\n\t\t\t\t\t\t<div class=\"elementor-container elementor-column-gap-default\">\n\t\t\t\t\t\t\t<div class=\"elementor-row\">\n\t\t\t\t\t<div class=\"elementor-column elementor-col-33 elementor-inner-column elementor-element elementor-element-abba96 elementor-invisible\" data-id=\"abba96\" data-element_type=\"column\" data-settings=\"{&quot;background_background&quot;:&quot;classic&quot;,&quot;animation&quot;:&quot;slideInUp&quot;,&quot;animation_delay&quot;:600}\">\n\t\t\t<div class=\"elementor-column-wrap elementor-element-populated\">\n\t\t\t\t\t\t\t<div class=\"elementor-widget-wrap\">\n\t\t\t\t\t\t<div class=\"elementor-element elementor-element-aaa743b elementor-position-top elementor-vertical-align-top elementor-widget elementor-widget-image-box\" data-id=\"aaa743b\" data-element_type=\"widget\" data-widget_type=\"image-box.default\">\n\t\t\t\t<div class=\"elementor-widget-container\">\n\t\t\t<div class=\"elementor-image-box-wrapper\"><figure class=\"elementor-image-box-img\"><img width=\"600\" height=\"600\" src=\"https:\/\/w32.mx\/sitio\/wp-content\/uploads\/2020\/11\/administrador-naranja.png\" class=\"attachment-medium_large size-medium_large\" alt=\"\" decoding=\"async\" loading=\"lazy\" srcset=\"https:\/\/w32.mx\/sitio\/wp-content\/uploads\/2020\/11\/administrador-naranja.png 600w, https:\/\/w32.mx\/sitio\/wp-content\/uploads\/2020\/11\/administrador-naranja-300x300.png 300w, https:\/\/w32.mx\/sitio\/wp-content\/uploads\/2020\/11\/administrador-naranja-150x150.png 150w, https:\/\/w32.mx\/sitio\/wp-content\/uploads\/2020\/11\/administrador-naranja-242x242.png 242w, https:\/\/w32.mx\/sitio\/wp-content\/uploads\/2020\/11\/administrador-naranja-100x100.png 100w\" sizes=\"(max-width: 600px) 100vw, 600px\" \/><\/figure><div class=\"elementor-image-box-content\"><h3 class=\"elementor-image-box-title\">Administrador de datos<\/h3><p class=\"elementor-image-box-description\">Permite administrar eficazmente la BD de clientes y prospectos, con lo cual, el sistema ayuda a evitar duplicidad al dar de alta un registro. Tambi\u00e9n te ayuda a visualizar todas las actividades de un cliente\/prospecto, como citas, correos, incidencias, etc.<\/p><\/div><\/div>\t\t<\/div>\n\t\t\t\t<\/div>\n\t\t\t\t\t\t<\/div>\n\t\t\t\t\t<\/div>\n\t\t<\/div>\n\t\t\t\t<div class=\"elementor-column elementor-col-33 elementor-inner-column elementor-element elementor-element-7149768 elementor-invisible\" data-id=\"7149768\" data-element_type=\"column\" data-settings=\"{&quot;background_background&quot;:&quot;classic&quot;,&quot;animation&quot;:&quot;slideInUp&quot;,&quot;animation_delay&quot;:700}\">\n\t\t\t<div class=\"elementor-column-wrap elementor-element-populated\">\n\t\t\t\t\t\t\t<div class=\"elementor-widget-wrap\">\n\t\t\t\t\t\t<div class=\"elementor-element elementor-element-23ff9ba7 elementor-position-top elementor-vertical-align-top elementor-widget elementor-widget-image-box\" data-id=\"23ff9ba7\" data-element_type=\"widget\" data-widget_type=\"image-box.default\">\n\t\t\t\t<div class=\"elementor-widget-container\">\n\t\t\t<div class=\"elementor-image-box-wrapper\"><figure class=\"elementor-image-box-img\"><img decoding=\"async\" src=\"https:\/\/w32.mx\/sitio\/wp-content\/uploads\/elementor\/thumbs\/organizador-naranja-qe0e1y94w34u8ac3ukdh4upiyntfj3te3z20wqoyt8.png\" title=\"organizador-naranja\" alt=\"organizador-naranja\" \/><\/figure><div class=\"elementor-image-box-content\"><h3 class=\"elementor-image-box-title\">Organizador de actividades<\/h3><p class=\"elementor-image-box-description\">Cuenta con una agenda, la cual te ayudar\u00e1 a organizar el calendario de actividades para visualizar tus trabajos pendientes por realizar; adem\u00e1s de que podr\u00e1s activar alarmas de citas o acciones importantes para tu  mejor desempe\u00f1o.<\/p><\/div><\/div>\t\t<\/div>\n\t\t\t\t<\/div>\n\t\t\t\t\t\t<\/div>\n\t\t\t\t\t<\/div>\n\t\t<\/div>\n\t\t\t\t<div class=\"elementor-column elementor-col-33 elementor-inner-column elementor-element elementor-element-47ed0a5a elementor-invisible\" data-id=\"47ed0a5a\" data-element_type=\"column\" data-settings=\"{&quot;background_background&quot;:&quot;classic&quot;,&quot;animation&quot;:&quot;slideInUp&quot;,&quot;animation_delay&quot;:800}\">\n\t\t\t<div class=\"elementor-column-wrap elementor-element-populated\">\n\t\t\t\t\t\t\t<div class=\"elementor-widget-wrap\">\n\t\t\t\t\t\t<div class=\"elementor-element elementor-element-294b6b0 elementor-position-top elementor-vertical-align-top elementor-widget elementor-widget-image-box\" data-id=\"294b6b0\" data-element_type=\"widget\" data-widget_type=\"image-box.default\">\n\t\t\t\t<div class=\"elementor-widget-container\">\n\t\t\t<div class=\"elementor-image-box-wrapper\"><figure class=\"elementor-image-box-img\"><img width=\"600\" height=\"600\" src=\"https:\/\/w32.mx\/sitio\/wp-content\/uploads\/2020\/11\/encuestas-naranja.png\" class=\"attachment-medium_large size-medium_large\" alt=\"\" decoding=\"async\" loading=\"lazy\" srcset=\"https:\/\/w32.mx\/sitio\/wp-content\/uploads\/2020\/11\/encuestas-naranja.png 600w, https:\/\/w32.mx\/sitio\/wp-content\/uploads\/2020\/11\/encuestas-naranja-300x300.png 300w, https:\/\/w32.mx\/sitio\/wp-content\/uploads\/2020\/11\/encuestas-naranja-150x150.png 150w, https:\/\/w32.mx\/sitio\/wp-content\/uploads\/2020\/11\/encuestas-naranja-242x242.png 242w, https:\/\/w32.mx\/sitio\/wp-content\/uploads\/2020\/11\/encuestas-naranja-100x100.png 100w\" sizes=\"(max-width: 600px) 100vw, 600px\" \/><\/figure><div class=\"elementor-image-box-content\"><h3 class=\"elementor-image-box-title\">Encuestas y manejo de incidencias\u200b<\/h3><p class=\"elementor-image-box-description\">A trav\u00e9s de este m\u00f3dulo podr\u00e1s crear tus propias encuestas o cuestionarios para tus clientes y enviarlos, todo ello en base a la segmentaci\u00f3n de datos que hayas realizado de tu informaci\u00f3n, para obtener los mejores resultados posibles.\u200b<\/p><\/div><\/div>\t\t<\/div>\n\t\t\t\t<\/div>\n\t\t\t\t\t\t<\/div>\n\t\t\t\t\t<\/div>\n\t\t<\/div>\n\t\t\t\t\t\t\t\t<\/div>\n\t\t\t\t\t<\/div>\n\t\t<\/section>\n\t\t\t\t<section class=\"elementor-section elementor-inner-section elementor-element elementor-element-f860c12 elementor-section-boxed elementor-section-height-default elementor-section-height-default\" data-id=\"f860c12\" data-element_type=\"section\">\n\t\t\t\t\t\t<div class=\"elementor-container elementor-column-gap-default\">\n\t\t\t\t\t\t\t<div class=\"elementor-row\">\n\t\t\t\t\t<div class=\"elementor-column elementor-col-20 elementor-inner-column elementor-element elementor-element-2b6c9f73 elementor-invisible\" data-id=\"2b6c9f73\" data-element_type=\"column\" data-settings=\"{&quot;background_background&quot;:&quot;classic&quot;,&quot;animation&quot;:&quot;slideInUp&quot;,&quot;animation_delay&quot;:800}\">\n\t\t\t<div class=\"elementor-column-wrap\">\n\t\t\t\t\t\t\t<div class=\"elementor-widget-wrap\">\n\t\t\t\t\t\t\t\t<\/div>\n\t\t\t\t\t<\/div>\n\t\t<\/div>\n\t\t\t\t<div class=\"elementor-column elementor-col-20 elementor-inner-column elementor-element elementor-element-1d66e3e6 elementor-invisible\" data-id=\"1d66e3e6\" data-element_type=\"column\" data-settings=\"{&quot;background_background&quot;:&quot;classic&quot;,&quot;animation&quot;:&quot;slideInUp&quot;,&quot;animation_delay&quot;:600}\">\n\t\t\t<div class=\"elementor-column-wrap elementor-element-populated\">\n\t\t\t\t\t\t\t<div class=\"elementor-widget-wrap\">\n\t\t\t\t\t\t<div class=\"elementor-element elementor-element-7aeff914 elementor-position-top elementor-vertical-align-top elementor-widget elementor-widget-image-box\" data-id=\"7aeff914\" data-element_type=\"widget\" data-widget_type=\"image-box.default\">\n\t\t\t\t<div class=\"elementor-widget-container\">\n\t\t\t<div class=\"elementor-image-box-wrapper\"><figure class=\"elementor-image-box-img\"><img width=\"600\" height=\"600\" src=\"https:\/\/w32.mx\/sitio\/wp-content\/uploads\/2020\/11\/correo-naranja.png\" class=\"attachment-medium_large size-medium_large\" alt=\"\" decoding=\"async\" loading=\"lazy\" srcset=\"https:\/\/w32.mx\/sitio\/wp-content\/uploads\/2020\/11\/correo-naranja.png 600w, https:\/\/w32.mx\/sitio\/wp-content\/uploads\/2020\/11\/correo-naranja-300x300.png 300w, https:\/\/w32.mx\/sitio\/wp-content\/uploads\/2020\/11\/correo-naranja-150x150.png 150w, https:\/\/w32.mx\/sitio\/wp-content\/uploads\/2020\/11\/correo-naranja-242x242.png 242w, https:\/\/w32.mx\/sitio\/wp-content\/uploads\/2020\/11\/correo-naranja-100x100.png 100w\" sizes=\"(max-width: 600px) 100vw, 600px\" \/><\/figure><div class=\"elementor-image-box-content\"><h3 class=\"elementor-image-box-title\"><span style=\"color: rgb(0, 0, 0); font-size: 26px; letter-spacing: normal;\">Mensajer\u00eda interna<\/span><\/h3><p class=\"elementor-image-box-description\">Esta funcionalidad de _MultiMarcaW32 ayuda a tus compa\u00f1eros de trabajo de forma r\u00e1pida y f\u00e1cil acerca de cualquier noticia importante de la agencia, y tambi\u00e9n podr\u00e1s visualizar su recepci\u00f3n y lectura, con lo cual evitar\u00e1s que el mensaje se pierda o no sea le\u00eddo por el destinatario.<\/p><\/div><\/div>\t\t<\/div>\n\t\t\t\t<\/div>\n\t\t\t\t\t\t<\/div>\n\t\t\t\t\t<\/div>\n\t\t<\/div>\n\t\t\t\t<div class=\"elementor-column elementor-col-20 elementor-inner-column elementor-element elementor-element-974766f elementor-invisible\" data-id=\"974766f\" data-element_type=\"column\" data-settings=\"{&quot;background_background&quot;:&quot;classic&quot;,&quot;animation&quot;:&quot;slideInUp&quot;,&quot;animation_delay&quot;:800}\">\n\t\t\t<div class=\"elementor-column-wrap\">\n\t\t\t\t\t\t\t<div class=\"elementor-widget-wrap\">\n\t\t\t\t\t\t\t\t<\/div>\n\t\t\t\t\t<\/div>\n\t\t<\/div>\n\t\t\t\t<div class=\"elementor-column elementor-col-20 elementor-inner-column elementor-element elementor-element-6560edab elementor-invisible\" data-id=\"6560edab\" data-element_type=\"column\" data-settings=\"{&quot;background_background&quot;:&quot;classic&quot;,&quot;animation&quot;:&quot;slideInUp&quot;,&quot;animation_delay&quot;:700}\">\n\t\t\t<div class=\"elementor-column-wrap elementor-element-populated\">\n\t\t\t\t\t\t\t<div class=\"elementor-widget-wrap\">\n\t\t\t\t\t\t<div class=\"elementor-element elementor-element-38d6b9c7 elementor-position-top elementor-vertical-align-top elementor-widget elementor-widget-image-box\" data-id=\"38d6b9c7\" data-element_type=\"widget\" data-widget_type=\"image-box.default\">\n\t\t\t\t<div class=\"elementor-widget-container\">\n\t\t\t<div class=\"elementor-image-box-wrapper\"><figure class=\"elementor-image-box-img\"><img width=\"600\" height=\"600\" src=\"https:\/\/w32.mx\/sitio\/wp-content\/uploads\/2020\/11\/campana-naranja.png\" class=\"attachment-full size-full\" alt=\"\" decoding=\"async\" loading=\"lazy\" srcset=\"https:\/\/w32.mx\/sitio\/wp-content\/uploads\/2020\/11\/campana-naranja.png 600w, https:\/\/w32.mx\/sitio\/wp-content\/uploads\/2020\/11\/campana-naranja-300x300.png 300w, https:\/\/w32.mx\/sitio\/wp-content\/uploads\/2020\/11\/campana-naranja-150x150.png 150w, https:\/\/w32.mx\/sitio\/wp-content\/uploads\/2020\/11\/campana-naranja-242x242.png 242w, https:\/\/w32.mx\/sitio\/wp-content\/uploads\/2020\/11\/campana-naranja-100x100.png 100w\" sizes=\"(max-width: 600px) 100vw, 600px\" \/><\/figure><div class=\"elementor-image-box-content\"><h3 class=\"elementor-image-box-title\">Campa\u00f1as de marketing<\/h3><p class=\"elementor-image-box-description\">Este m\u00f3dulo te da la opci\u00f3n de mandar todas las campa\u00f1as de correos masivos a tus clientes y\/o prospectos, ya sea para promover tus productos o servicios, o para fidelizar a tus clientes y con ello, desarrollar una relaci\u00f3n m\u00e1s profunda y de mejor calidad con ellos.<\/p><\/div><\/div>\t\t<\/div>\n\t\t\t\t<\/div>\n\t\t\t\t\t\t<\/div>\n\t\t\t\t\t<\/div>\n\t\t<\/div>\n\t\t\t\t<div class=\"elementor-column elementor-col-20 elementor-inner-column elementor-element elementor-element-6b39fc6 elementor-invisible\" data-id=\"6b39fc6\" data-element_type=\"column\" data-settings=\"{&quot;background_background&quot;:&quot;classic&quot;,&quot;animation&quot;:&quot;slideInUp&quot;,&quot;animation_delay&quot;:800}\">\n\t\t\t<div class=\"elementor-column-wrap\">\n\t\t\t\t\t\t\t<div class=\"elementor-widget-wrap\">\n\t\t\t\t\t\t\t\t<\/div>\n\t\t\t\t\t<\/div>\n\t\t<\/div>\n\t\t\t\t\t\t\t\t<\/div>\n\t\t\t\t\t<\/div>\n\t\t<\/section>\n\t\t\t\t<section class=\"elementor-section elementor-top-section elementor-element elementor-element-1684939b elementor-section-content-middle elementor-section-boxed elementor-section-height-default elementor-section-height-default\" data-id=\"1684939b\" data-element_type=\"section\">\n\t\t\t\t\t\t<div class=\"elementor-container elementor-column-gap-no\">\n\t\t\t\t\t\t\t<div class=\"elementor-row\">\n\t\t\t\t\t<div class=\"elementor-column elementor-col-100 elementor-top-column elementor-element elementor-element-7e3ab41a\" data-id=\"7e3ab41a\" data-element_type=\"column\">\n\t\t\t<div class=\"elementor-column-wrap elementor-element-populated\">\n\t\t\t\t\t\t\t<div class=\"elementor-widget-wrap\">\n\t\t\t\t\t\t<section class=\"elementor-section elementor-inner-section elementor-element elementor-element-9cb786c elementor-section-boxed elementor-section-height-default elementor-section-height-default\" data-id=\"9cb786c\" data-element_type=\"section\">\n\t\t\t\t\t\t<div class=\"elementor-container elementor-column-gap-default\">\n\t\t\t\t\t\t\t<div class=\"elementor-row\">\n\t\t\t\t\t<div class=\"elementor-column elementor-col-100 elementor-inner-column elementor-element elementor-element-3021075\" data-id=\"3021075\" data-element_type=\"column\">\n\t\t\t<div class=\"elementor-column-wrap\">\n\t\t\t\t\t\t\t<div class=\"elementor-widget-wrap\">\n\t\t\t\t\t\t\t\t<\/div>\n\t\t\t\t\t<\/div>\n\t\t<\/div>\n\t\t\t\t\t\t\t\t<\/div>\n\t\t\t\t\t<\/div>\n\t\t<\/section>\n\t\t\t\t\t\t<\/div>\n\t\t\t\t\t<\/div>\n\t\t<\/div>\n\t\t\t\t\t\t\t\t<\/div>\n\t\t\t\t\t<\/div>\n\t\t<\/section>\n\t\t\t\t<section class=\"elementor-section elementor-top-section elementor-element elementor-element-4b1fdc46 elementor-section-boxed elementor-section-height-default elementor-section-height-default\" data-id=\"4b1fdc46\" data-element_type=\"section\">\n\t\t\t\t\t\t<div class=\"elementor-container elementor-column-gap-default\">\n\t\t\t\t\t\t\t<div class=\"elementor-row\">\n\t\t\t\t\t<div class=\"elementor-column elementor-col-100 elementor-top-column elementor-element elementor-element-6bc51444\" data-id=\"6bc51444\" data-element_type=\"column\">\n\t\t\t<div class=\"elementor-column-wrap elementor-element-populated\">\n\t\t\t\t\t\t\t<div class=\"elementor-widget-wrap\">\n\t\t\t\t\t\t<div class=\"elementor-element elementor-element-6c8f4535 elementor-align-center elementor-widget elementor-widget-button\" data-id=\"6c8f4535\" data-element_type=\"widget\" data-widget_type=\"button.default\">\n\t\t\t\t<div class=\"elementor-widget-container\">\n\t\t\t\t\t<div class=\"elementor-button-wrapper\">\n\t\t\t<a href=\"https:\/\/api.whatsapp.com\/send\/?phone=5215543051057&#038;text=\u00a1Hola%21+Me+gustar\u00eda+recibir+informaci\u00f3n+de&#038;type=phone_number&#038;app_absent=0\" class=\"elementor-button-link elementor-button elementor-size-md\" role=\"button\">\n\t\t\t\t\t\t<span class=\"elementor-button-content-wrapper\">\n\t\t\t\t\t\t<span class=\"elementor-button-text\">Solicita una asesor\u00eda de 15 minutos<\/span>\n\t\t<\/span>\n\t\t\t\t\t<\/a>\n\t\t<\/div>\n\t\t\t\t<\/div>\n\t\t\t\t<\/div>\n\t\t\t\t\t\t<\/div>\n\t\t\t\t\t<\/div>\n\t\t<\/div>\n\t\t\t\t\t\t\t\t<\/div>\n\t\t\t\t\t<\/div>\n\t\t<\/section>\n\t\t\t\t<section class=\"elementor-section elementor-top-section elementor-element elementor-element-cfdc5be elementor-section-boxed elementor-section-height-default elementor-section-height-default\" data-id=\"cfdc5be\" data-element_type=\"section\">\n\t\t\t\t\t\t<div class=\"elementor-container elementor-column-gap-default\">\n\t\t\t\t\t\t\t<div class=\"elementor-row\">\n\t\t\t\t\t<div class=\"elementor-column elementor-col-100 elementor-top-column elementor-element elementor-element-ba6d357\" data-id=\"ba6d357\" data-element_type=\"column\">\n\t\t\t<div class=\"elementor-column-wrap elementor-element-populated\">\n\t\t\t\t\t\t\t<div class=\"elementor-widget-wrap\">\n\t\t\t\t\t\t<div class=\"elementor-element elementor-element-4dd7807 elementor-widget elementor-widget-heading\" data-id=\"4dd7807\" data-element_type=\"widget\" data-widget_type=\"heading.default\">\n\t\t\t\t<div class=\"elementor-widget-container\">\n\t\t\t<h4 class=\"elementor-heading-title elementor-size-default\">Genera mayores oportunidades de venta con un CRM completo y eficiente<\/h4>\t\t<\/div>\n\t\t\t\t<\/div>\n\t\t\t\t\t\t<\/div>\n\t\t\t\t\t<\/div>\n\t\t<\/div>\n\t\t\t\t\t\t\t\t<\/div>\n\t\t\t\t\t<\/div>\n\t\t<\/section>\n\t\t\t\t\t\t<\/div>\n\t\t\t\t\t\t<\/div>\n\t\t\t\t\t<\/div>\n\t\t","protected":false},"excerpt":{"rendered":"<p>El CRM de _MultiMarcaW32 te ayuda a impulsar el crecimiento de tu \u00c1rea Comercial\u200b\u200b Administrador de datos Permite administrar eficazmente la BD de clientes y prospectos, con lo cual, el sistema ayuda a evitar duplicidad al dar de alta un registro. Tambi\u00e9n te ayuda a visualizar todas las actividades de un cliente\/prospecto, como citas, correos, [&hellip;]<\/p>\n","protected":false},"author":1,"featured_media":25771,"parent":0,"menu_order":0,"comment_status":"closed","ping_status":"closed","template":"","meta":{"om_disable_all_campaigns":false,"_monsterinsights_skip_tracking":false,"_monsterinsights_sitenote_active":false,"_monsterinsights_sitenote_note":"","_monsterinsights_sitenote_category":0,"_uf_show_specific_survey":0,"_uf_disable_surveys":false},"_links":{"self":[{"href":"https:\/\/w32.mx\/sitio\/wp-json\/wp\/v2\/pages\/1745"}],"collection":[{"href":"https:\/\/w32.mx\/sitio\/wp-json\/wp\/v2\/pages"}],"about":[{"href":"https:\/\/w32.mx\/sitio\/wp-json\/wp\/v2\/types\/page"}],"author":[{"embeddable":true,"href":"https:\/\/w32.mx\/sitio\/wp-json\/wp\/v2\/users\/1"}],"replies":[{"embeddable":true,"href":"https:\/\/w32.mx\/sitio\/wp-json\/wp\/v2\/comments?post=1745"}],"version-history":[{"count":102,"href":"https:\/\/w32.mx\/sitio\/wp-json\/wp\/v2\/pages\/1745\/revisions"}],"predecessor-version":[{"id":33830,"href":"https:\/\/w32.mx\/sitio\/wp-json\/wp\/v2\/pages\/1745\/revisions\/33830"}],"wp:featuredmedia":[{"embeddable":true,"href":"https:\/\/w32.mx\/sitio\/wp-json\/wp\/v2\/media\/25771"}],"wp:attachment":[{"href":"https:\/\/w32.mx\/sitio\/wp-json\/wp\/v2\/media?parent=1745"}],"curies":[{"name":"wp","href":"https:\/\/api.w.org\/{rel}","templated":true}]}}